{"id":170,"date":"2026-03-02T14:15:34","date_gmt":"2026-03-02T14:15:34","guid":{"rendered":"https:\/\/hauleflower.io.vn\/?post_type=product&#038;p=170"},"modified":"2026-03-02T14:16:27","modified_gmt":"2026-03-02T14:16:27","slug":"hoa-gau","status":"publish","type":"product","link":"https:\/\/hauleflower.io.vn\/?product=hoa-gau","title":{"rendered":"HOA + G\u1ea4U"},"content":{"rendered":"<p>Set qu\u00e0 Hoa + G\u1ea5u l\u00e0 s\u1ef1 k\u1ebft h\u1ee3p ho\u00e0n h\u1ea3o gi\u1eefa v\u1ebb \u0111\u1eb9p d\u1ecbu d\u00e0ng c\u1ee7a hoa v\u00e0 s\u1ef1 \u1ea5m \u00e1p \u0111\u00e1ng y\u00eau c\u1ee7a g\u1ea5u b\u00f4ng.<\/p>\n<p data-start=\"690\" data-end=\"783\"><strong data-start=\"693\" data-end=\"700\">Hoa<\/strong> t\u01b0\u1ee3ng tr\u01b0ng cho t\u00ecnh c\u1ea3m, s\u1ef1 quan t\u00e2m v\u00e0 nh\u1eefng l\u1eddi y\u00eau th\u01b0\u01a1ng kh\u00f3 n\u00f3i th\u00e0nh l\u1eddi.<\/p>\n<p data-start=\"785\" data-end=\"853\">\ud83e\uddf8 <strong data-start=\"788\" data-end=\"800\">G\u1ea5u b\u00f4ng (25CM)<\/strong>\u00a0\u0111\u1ea1i di\u1ec7n cho s\u1ef1 \u1ea5m \u00e1p, che ch\u1edf v\u00e0 lu\u00f4n \u1edf b\u00ean c\u1ea1nh.<\/p>\n<p data-start=\"855\" data-end=\"898\">Khi k\u1ebft h\u1ee3p l\u1ea1i, set qu\u00e0 mang th\u00f4ng \u0111i\u1ec7p:<\/p>\n<blockquote data-start=\"899\" data-end=\"961\">\n<p data-start=\"901\" data-end=\"961\">\u201cKh\u00f4ng ch\u1ec9 l\u00e0 m\u00f3n qu\u00e0 h\u00f4m nay, m\u00e0 l\u00e0 s\u1ef1 quan t\u00e2m d\u00e0i l\u00e2u.\u201d<\/p>\n<\/blockquote>\n<p data-start=\"963\" data-end=\"1038\">R\u1ea5t ph\u00f9 h\u1ee3p \u0111\u1ec3 t\u1ea1o \u1ea5n t\u01b0\u1ee3ng v\u00e0 khi\u1ebfn ng\u01b0\u1eddi nh\u1eadn c\u1ea3m th\u1ea5y \u0111\u01b0\u1ee3c tr\u00e2n tr\u1ecdng.<\/p>\n","protected":false},"excerpt":{"rendered":"<p>Set qu\u00e0 Hoa + G\u1ea5u l\u00e0 s\u1ef1 k\u1ebft h\u1ee3p ho\u00e0n h\u1ea3o gi\u1eefa v\u1ebb \u0111\u1eb9p d\u1ecbu d\u00e0ng c\u1ee7a hoa v\u00e0 s\u1ef1 \u1ea5m \u00e1p \u0111\u00e1ng y\u00eau c\u1ee7a g\u1ea5u b\u00f4ng.<\/p>\n","protected":false},"featured_media":172,"comment_status":"open","ping_status":"closed","template":"","meta":[],"product_brand":[],"product_cat":[30],"product_tag":[],"class_list":{"0":"post-170","1":"product","2":"type-product","3":"status-publish","4":"has-post-thumbnail","6":"product_cat-set-qua-tang","8":"first","9":"instock","10":"sale","11":"shipping-taxable","12":"purchasable","13":"product-type-simple"},"yoast_head":"<!-- This site is optimized with the Yoast SEO plugin v27.2 - https:\/\/yoast.com\/product\/yoast-seo-wordpress\/ -->\n<title>HOA + G\u1ea4U - H\u1ea5u L\u00ea Flower<\/title>\n<meta name=\"robots\" content=\"index, follow, max-snippet:-1, max-image-preview:large, max-video-preview:-1\" \/>\n<link rel=\"canonical\" href=\"https:\/\/hauleflower.io.vn\/?product=hoa-gau\" \/>\n<meta property=\"og:locale\" content=\"vi_VN\" \/>\n<meta property=\"og:type\" content=\"article\" \/>\n<meta property=\"og:title\" content=\"HOA + G\u1ea4U - H\u1ea5u L\u00ea Flower\" \/>\n<meta property=\"og:description\" content=\"Set qu\u00e0 Hoa + G\u1ea5u l\u00e0 s\u1ef1 k\u1ebft h\u1ee3p ho\u00e0n h\u1ea3o gi\u1eefa v\u1ebb \u0111\u1eb9p d\u1ecbu d\u00e0ng c\u1ee7a hoa v\u00e0 s\u1ef1 \u1ea5m \u00e1p \u0111\u00e1ng y\u00eau c\u1ee7a g\u1ea5u b\u00f4ng.\" \/>\n<meta property=\"og:url\" content=\"https:\/\/hauleflower.io.vn\/?product=hoa-gau\" \/>\n<meta property=\"og:site_name\" content=\"H\u1ea5u L\u00ea Flower\" \/>\n<meta property=\"article:modified_time\" content=\"2026-03-02T14:16:27+00:00\" \/>\n<meta property=\"og:image\" content=\"https:\/\/hauleflower.io.vn\/wp-content\/uploads\/2026\/03\/5c6982db23010cef5a121d697d8cc1d5.jpg\" \/>\n\t<meta property=\"og:image:width\" content=\"1200\" \/>\n\t<meta property=\"og:image:height\" content=\"1500\" \/>\n\t<meta property=\"og:image:type\" content=\"image\/jpeg\" \/>\n<meta name=\"twitter:card\" content=\"summary_large_image\" \/>\n<meta name=\"twitter:label1\" content=\"\u01af\u1edbc t\u00ednh th\u1eddi gian \u0111\u1ecdc\" \/>\n\t<meta name=\"twitter:data1\" content=\"1 ph\u00fat\" \/>\n<script type=\"application\/ld+json\" class=\"yoast-schema-graph\">{\"@context\":\"https:\/\/schema.org\",\"@graph\":[{\"@type\":\"WebPage\",\"@id\":\"https:\/\/hauleflower.io.vn\/?product=hoa-gau\",\"url\":\"https:\/\/hauleflower.io.vn\/?product=hoa-gau\",\"name\":\"HOA + G\u1ea4U - H\u1ea5u L\u00ea Flower\",\"isPartOf\":{\"@id\":\"https:\/\/hauleflower.io.vn\/#website\"},\"primaryImageOfPage\":{\"@id\":\"https:\/\/hauleflower.io.vn\/?product=hoa-gau#primaryimage\"},\"image\":{\"@id\":\"https:\/\/hauleflower.io.vn\/?product=hoa-gau#primaryimage\"},\"thumbnailUrl\":\"https:\/\/hauleflower.io.vn\/wp-content\/uploads\/2026\/03\/5c6982db23010cef5a121d697d8cc1d5.jpg\",\"datePublished\":\"2026-03-02T14:15:34+00:00\",\"dateModified\":\"2026-03-02T14:16:27+00:00\",\"breadcrumb\":{\"@id\":\"https:\/\/hauleflower.io.vn\/?product=hoa-gau#breadcrumb\"},\"inLanguage\":\"vi\",\"potentialAction\":[{\"@type\":\"ReadAction\",\"target\":[\"https:\/\/hauleflower.io.vn\/?product=hoa-gau\"]}]},{\"@type\":\"ImageObject\",\"inLanguage\":\"vi\",\"@id\":\"https:\/\/hauleflower.io.vn\/?product=hoa-gau#primaryimage\",\"url\":\"https:\/\/hauleflower.io.vn\/wp-content\/uploads\/2026\/03\/5c6982db23010cef5a121d697d8cc1d5.jpg\",\"contentUrl\":\"https:\/\/hauleflower.io.vn\/wp-content\/uploads\/2026\/03\/5c6982db23010cef5a121d697d8cc1d5.jpg\",\"width\":1200,\"height\":1500},{\"@type\":\"BreadcrumbList\",\"@id\":\"https:\/\/hauleflower.io.vn\/?product=hoa-gau#breadcrumb\",\"itemListElement\":[{\"@type\":\"ListItem\",\"position\":1,\"name\":\"Trang ch\u1ee7\",\"item\":\"https:\/\/hauleflower.io.vn\/\"},{\"@type\":\"ListItem\",\"position\":2,\"name\":\"C\u1eeda h\u00e0ng\",\"item\":\"https:\/\/hauleflower.io.vn\/?page_id=107\"},{\"@type\":\"ListItem\",\"position\":3,\"name\":\"HOA + G\u1ea4U\"}]},{\"@type\":\"WebSite\",\"@id\":\"https:\/\/hauleflower.io.vn\/#website\",\"url\":\"https:\/\/hauleflower.io.vn\/\",\"name\":\"H\u1ea5u L\u00ea Flower\",\"description\":\"\",\"potentialAction\":[{\"@type\":\"SearchAction\",\"target\":{\"@type\":\"EntryPoint\",\"urlTemplate\":\"https:\/\/hauleflower.io.vn\/?s={search_term_string}\"},\"query-input\":{\"@type\":\"PropertyValueSpecification\",\"valueRequired\":true,\"valueName\":\"search_term_string\"}}],\"inLanguage\":\"vi\"}]}<\/script>\n<!-- \/ Yoast SEO plugin. -->","yoast_head_json":{"title":"HOA + G\u1ea4U - H\u1ea5u L\u00ea Flower","robots":{"index":"index","follow":"follow","max-snippet":"max-snippet:-1","max-image-preview":"max-image-preview:large","max-video-preview":"max-video-preview:-1"},"canonical":"https:\/\/hauleflower.io.vn\/?product=hoa-gau","og_locale":"vi_VN","og_type":"article","og_title":"HOA + G\u1ea4U - H\u1ea5u L\u00ea Flower","og_description":"Set qu\u00e0 Hoa + G\u1ea5u l\u00e0 s\u1ef1 k\u1ebft h\u1ee3p ho\u00e0n h\u1ea3o gi\u1eefa v\u1ebb \u0111\u1eb9p d\u1ecbu d\u00e0ng c\u1ee7a hoa v\u00e0 s\u1ef1 \u1ea5m \u00e1p \u0111\u00e1ng y\u00eau c\u1ee7a g\u1ea5u b\u00f4ng.","og_url":"https:\/\/hauleflower.io.vn\/?product=hoa-gau","og_site_name":"H\u1ea5u L\u00ea Flower","article_modified_time":"2026-03-02T14:16:27+00:00","og_image":[{"width":1200,"height":1500,"url":"https:\/\/hauleflower.io.vn\/wp-content\/uploads\/2026\/03\/5c6982db23010cef5a121d697d8cc1d5.jpg","type":"image\/jpeg"}],"twitter_card":"summary_large_image","twitter_misc":{"\u01af\u1edbc t\u00ednh th\u1eddi gian \u0111\u1ecdc":"1 ph\u00fat"},"schema":{"@context":"https:\/\/schema.org","@graph":[{"@type":"WebPage","@id":"https:\/\/hauleflower.io.vn\/?product=hoa-gau","url":"https:\/\/hauleflower.io.vn\/?product=hoa-gau","name":"HOA + G\u1ea4U - H\u1ea5u L\u00ea Flower","isPartOf":{"@id":"https:\/\/hauleflower.io.vn\/#website"},"primaryImageOfPage":{"@id":"https:\/\/hauleflower.io.vn\/?product=hoa-gau#primaryimage"},"image":{"@id":"https:\/\/hauleflower.io.vn\/?product=hoa-gau#primaryimage"},"thumbnailUrl":"https:\/\/hauleflower.io.vn\/wp-content\/uploads\/2026\/03\/5c6982db23010cef5a121d697d8cc1d5.jpg","datePublished":"2026-03-02T14:15:34+00:00","dateModified":"2026-03-02T14:16:27+00:00","breadcrumb":{"@id":"https:\/\/hauleflower.io.vn\/?product=hoa-gau#breadcrumb"},"inLanguage":"vi","potentialAction":[{"@type":"ReadAction","target":["https:\/\/hauleflower.io.vn\/?product=hoa-gau"]}]},{"@type":"ImageObject","inLanguage":"vi","@id":"https:\/\/hauleflower.io.vn\/?product=hoa-gau#primaryimage","url":"https:\/\/hauleflower.io.vn\/wp-content\/uploads\/2026\/03\/5c6982db23010cef5a121d697d8cc1d5.jpg","contentUrl":"https:\/\/hauleflower.io.vn\/wp-content\/uploads\/2026\/03\/5c6982db23010cef5a121d697d8cc1d5.jpg","width":1200,"height":1500},{"@type":"BreadcrumbList","@id":"https:\/\/hauleflower.io.vn\/?product=hoa-gau#breadcrumb","itemListElement":[{"@type":"ListItem","position":1,"name":"Trang ch\u1ee7","item":"https:\/\/hauleflower.io.vn\/"},{"@type":"ListItem","position":2,"name":"C\u1eeda h\u00e0ng","item":"https:\/\/hauleflower.io.vn\/?page_id=107"},{"@type":"ListItem","position":3,"name":"HOA + G\u1ea4U"}]},{"@type":"WebSite","@id":"https:\/\/hauleflower.io.vn\/#website","url":"https:\/\/hauleflower.io.vn\/","name":"H\u1ea5u L\u00ea Flower","description":"","potentialAction":[{"@type":"SearchAction","target":{"@type":"EntryPoint","urlTemplate":"https:\/\/hauleflower.io.vn\/?s={search_term_string}"},"query-input":{"@type":"PropertyValueSpecification","valueRequired":true,"valueName":"search_term_string"}}],"inLanguage":"vi"}]}},"_links":{"self":[{"href":"https:\/\/hauleflower.io.vn\/index.php?rest_route=\/wp\/v2\/product\/170","targetHints":{"allow":["GET"]}}],"collection":[{"href":"https:\/\/hauleflower.io.vn\/index.php?rest_route=\/wp\/v2\/product"}],"about":[{"href":"https:\/\/hauleflower.io.vn\/index.php?rest_route=\/wp\/v2\/types\/product"}],"replies":[{"embeddable":true,"href":"https:\/\/hauleflower.io.vn\/index.php?rest_route=%2Fwp%2Fv2%2Fcomments&post=170"}],"wp:featuredmedia":[{"embeddable":true,"href":"https:\/\/hauleflower.io.vn\/index.php?rest_route=\/wp\/v2\/media\/172"}],"wp:attachment":[{"href":"https:\/\/hauleflower.io.vn\/index.php?rest_route=%2Fwp%2Fv2%2Fmedia&parent=170"}],"wp:term":[{"taxonomy":"product_brand","embeddable":true,"href":"https:\/\/hauleflower.io.vn\/index.php?rest_route=%2Fwp%2Fv2%2Fproduct_brand&post=170"},{"taxonomy":"product_cat","embeddable":true,"href":"https:\/\/hauleflower.io.vn\/index.php?rest_route=%2Fwp%2Fv2%2Fproduct_cat&post=170"},{"taxonomy":"product_tag","embeddable":true,"href":"https:\/\/hauleflower.io.vn\/index.php?rest_route=%2Fwp%2Fv2%2Fproduct_tag&post=170"}],"curies":[{"name":"wp","href":"https:\/\/api.w.org\/{rel}","templated":true}]}}