{"id":112,"date":"2026-01-28T14:45:53","date_gmt":"2026-01-28T14:45:53","guid":{"rendered":"https:\/\/hauleflower.io.vn\/?post_type=product&#038;p=112"},"modified":"2026-01-28T14:46:24","modified_gmt":"2026-01-28T14:46:24","slug":"112","status":"publish","type":"product","link":"https:\/\/hauleflower.io.vn\/?product=112","title":{"rendered":"B\u00f3 Hoa M\u1eabu \u0110\u01a1n \u201cPh\u00fa Qu\u00fd N\u1ed3ng N\u00e0n\u201d"},"content":{"rendered":"<div>B\u00f3 hoa \u201cPh\u00fa Qu\u00fd N\u1ed3ng N\u00e0n\u201d \u0111\u01b0\u1ee3c thi\u1ebft k\u1ebf t\u1eeb hoa m\u1eabu \u0111\u01a1n cao c\u1ea5p v\u1edbi s\u1eafc \u0111\u1ecf h\u1ed3ng \u00e1nh cam n\u1ed5i b\u1eadt, ph\u1ed1i c\u00f9ng hoa ph\u1ee5 tone kem v\u00e0 l\u00e1 xanh t\u1ef1 nhi\u00ean. Nh\u1eefng b\u00f4ng m\u1eabu \u0111\u01a1n n\u1edf l\u1edbn, c\u00e1nh d\u00e0y, x\u1ebfp l\u1edbp m\u1ec1m m\u1ea1i t\u1ea1o c\u1ea3m gi\u00e1c sang tr\u1ecdng \u2013 quy\u1ebfn r\u0169 \u2013 \u0111\u1ea7y s\u1ee9c s\u1ed1ng.<\/div>\n<div>B\u00f3 hoa \u0111\u01b0\u1ee3c g\u00f3i gi\u1ea5y \u0111\u1ecf cao c\u1ea5p, th\u1eaft n\u01a1 l\u1ee5a tinh t\u1ebf, mang phong c\u00e1ch hi\u1ec7n \u0111\u1ea1i v\u00e0 \u0111\u1eb3ng c\u1ea5p, r\u1ea5t ph\u00f9 h\u1ee3p \u0111\u1ec3 l\u00e0m qu\u00e0 t\u1eb7ng trong nh\u1eefng d\u1ecbp \u0111\u1eb7c bi\u1ec7t ho\u1eb7c tr\u01b0ng b\u00e0y trang tr\u1ecdng.<\/div>\n<div><\/div>\n<div>\u00a0\u00dd NGH\u0128A HOA M\u1eaaU \u0110\u01a0N<\/div>\n<div><\/div>\n<div>Hoa m\u1eabu \u0111\u01a1n: Bi\u1ec3u t\u01b0\u1ee3ng c\u1ee7a ph\u00fa qu\u00fd, th\u1ecbnh v\u01b0\u1ee3ng, h\u1ea1nh ph\u00fac vi\u00ean m\u00e3n v\u00e0 t\u00ecnh y\u00eau tr\u1ecdn v\u1eb9n.<\/div>\n<div><\/div>\n<div>M\u1eabu \u0111\u01a1n \u0111\u1ecf \/ h\u1ed3ng \u0111\u1eadm: Th\u1ec3 hi\u1ec7n t\u00ecnh y\u00eau n\u1ed3ng ch\u00e1y, s\u1ef1 tr\u00e2n tr\u1ecdng v\u00e0 l\u1eddi ch\u00fac may m\u1eafn d\u00e0nh cho ng\u01b0\u1eddi nh\u1eadn.<\/div>\n<div><\/div>\n<div>T\u1ed5ng th\u1ec3 b\u00f3 hoa: L\u00e0 l\u1eddi ch\u00fac cho cu\u1ed9c s\u1ed1ng \u0111\u1ee7 \u0111\u1ea7y, t\u00ecnh c\u1ea3m b\u1ec1n l\u00e2u v\u00e0 nh\u1eefng \u0111i\u1ec1u t\u1ed1t \u0111\u1eb9p vi\u00ean m\u00e3n.<\/div>\n","protected":false},"excerpt":{"rendered":"<p data-start=\"91\" data-end=\"217\">B\u00f3 hoa <strong data-start=\"98\" data-end=\"117\">m\u1eabu \u0111\u01a1n cao c\u1ea5p<\/strong> s\u1eafc \u0111\u1ecf h\u1ed3ng n\u1ed3ng n\u00e0n, thi\u1ebft k\u1ebf sang tr\u1ecdng, t\u01b0\u1ee3ng tr\u01b0ng cho ph\u00fa qu\u00fd, h\u1ea1nh ph\u00fac v\u00e0 t\u00ecnh y\u00eau vi\u00ean m\u00e3n.<\/p>\n","protected":false},"featured_media":113,"comment_status":"open","ping_status":"closed","template":"","meta":[],"product_brand":[],"product_cat":[24],"product_tag":[],"class_list":{"0":"post-112","1":"product","2":"type-product","3":"status-publish","4":"has-post-thumbnail","6":"product_cat-hoa-goi-san","8":"first","9":"instock","10":"sale","11":"shipping-taxable","12":"purchasable","13":"product-type-simple"},"yoast_head":"<!-- This site is optimized with the Yoast SEO plugin v27.2 - https:\/\/yoast.com\/product\/yoast-seo-wordpress\/ -->\n<title>B\u00f3 Hoa M\u1eabu \u0110\u01a1n \u201cPh\u00fa Qu\u00fd N\u1ed3ng N\u00e0n\u201d - H\u1ea5u L\u00ea Flower<\/title>\n<meta name=\"robots\" content=\"index, follow, max-snippet:-1, max-image-preview:large, max-video-preview:-1\" \/>\n<link rel=\"canonical\" href=\"https:\/\/hauleflower.io.vn\/?product=112\" \/>\n<meta property=\"og:locale\" content=\"vi_VN\" \/>\n<meta property=\"og:type\" content=\"article\" \/>\n<meta property=\"og:title\" content=\"B\u00f3 Hoa M\u1eabu \u0110\u01a1n \u201cPh\u00fa Qu\u00fd N\u1ed3ng N\u00e0n\u201d - H\u1ea5u L\u00ea Flower\" \/>\n<meta property=\"og:description\" content=\"B\u00f3 hoa m\u1eabu \u0111\u01a1n cao c\u1ea5p s\u1eafc \u0111\u1ecf h\u1ed3ng n\u1ed3ng n\u00e0n, thi\u1ebft k\u1ebf sang tr\u1ecdng, t\u01b0\u1ee3ng tr\u01b0ng cho ph\u00fa qu\u00fd, h\u1ea1nh ph\u00fac v\u00e0 t\u00ecnh y\u00eau vi\u00ean m\u00e3n.\" \/>\n<meta property=\"og:url\" content=\"https:\/\/hauleflower.io.vn\/?product=112\" \/>\n<meta property=\"og:site_name\" content=\"H\u1ea5u L\u00ea Flower\" \/>\n<meta property=\"article:modified_time\" content=\"2026-01-28T14:46:24+00:00\" \/>\n<meta property=\"og:image\" content=\"https:\/\/hauleflower.io.vn\/wp-content\/uploads\/2026\/01\/c75a4da5019329f04bc2821bdfca175b.jpg\" \/>\n\t<meta property=\"og:image:width\" content=\"736\" \/>\n\t<meta property=\"og:image:height\" content=\"981\" \/>\n\t<meta property=\"og:image:type\" content=\"image\/jpeg\" \/>\n<meta name=\"twitter:card\" content=\"summary_large_image\" \/>\n<meta name=\"twitter:label1\" content=\"\u01af\u1edbc t\u00ednh th\u1eddi gian \u0111\u1ecdc\" \/>\n\t<meta name=\"twitter:data1\" content=\"1 ph\u00fat\" \/>\n<script type=\"application\/ld+json\" class=\"yoast-schema-graph\">{\"@context\":\"https:\/\/schema.org\",\"@graph\":[{\"@type\":\"WebPage\",\"@id\":\"https:\/\/hauleflower.io.vn\/?product=112\",\"url\":\"https:\/\/hauleflower.io.vn\/?product=112\",\"name\":\"B\u00f3 Hoa M\u1eabu \u0110\u01a1n \u201cPh\u00fa Qu\u00fd N\u1ed3ng N\u00e0n\u201d - H\u1ea5u L\u00ea Flower\",\"isPartOf\":{\"@id\":\"https:\/\/hauleflower.io.vn\/#website\"},\"primaryImageOfPage\":{\"@id\":\"https:\/\/hauleflower.io.vn\/?product=112#primaryimage\"},\"image\":{\"@id\":\"https:\/\/hauleflower.io.vn\/?product=112#primaryimage\"},\"thumbnailUrl\":\"https:\/\/hauleflower.io.vn\/wp-content\/uploads\/2026\/01\/c75a4da5019329f04bc2821bdfca175b.jpg\",\"datePublished\":\"2026-01-28T14:45:53+00:00\",\"dateModified\":\"2026-01-28T14:46:24+00:00\",\"breadcrumb\":{\"@id\":\"https:\/\/hauleflower.io.vn\/?product=112#breadcrumb\"},\"inLanguage\":\"vi\",\"potentialAction\":[{\"@type\":\"ReadAction\",\"target\":[\"https:\/\/hauleflower.io.vn\/?product=112\"]}]},{\"@type\":\"ImageObject\",\"inLanguage\":\"vi\",\"@id\":\"https:\/\/hauleflower.io.vn\/?product=112#primaryimage\",\"url\":\"https:\/\/hauleflower.io.vn\/wp-content\/uploads\/2026\/01\/c75a4da5019329f04bc2821bdfca175b.jpg\",\"contentUrl\":\"https:\/\/hauleflower.io.vn\/wp-content\/uploads\/2026\/01\/c75a4da5019329f04bc2821bdfca175b.jpg\",\"width\":736,\"height\":981},{\"@type\":\"BreadcrumbList\",\"@id\":\"https:\/\/hauleflower.io.vn\/?product=112#breadcrumb\",\"itemListElement\":[{\"@type\":\"ListItem\",\"position\":1,\"name\":\"Trang ch\u1ee7\",\"item\":\"https:\/\/hauleflower.io.vn\/\"},{\"@type\":\"ListItem\",\"position\":2,\"name\":\"C\u1eeda h\u00e0ng\",\"item\":\"https:\/\/hauleflower.io.vn\/?page_id=107\"},{\"@type\":\"ListItem\",\"position\":3,\"name\":\"B\u00f3 Hoa M\u1eabu \u0110\u01a1n \u201cPh\u00fa Qu\u00fd N\u1ed3ng N\u00e0n\u201d\"}]},{\"@type\":\"WebSite\",\"@id\":\"https:\/\/hauleflower.io.vn\/#website\",\"url\":\"https:\/\/hauleflower.io.vn\/\",\"name\":\"H\u1ea5u L\u00ea Flower\",\"description\":\"\",\"potentialAction\":[{\"@type\":\"SearchAction\",\"target\":{\"@type\":\"EntryPoint\",\"urlTemplate\":\"https:\/\/hauleflower.io.vn\/?s={search_term_string}\"},\"query-input\":{\"@type\":\"PropertyValueSpecification\",\"valueRequired\":true,\"valueName\":\"search_term_string\"}}],\"inLanguage\":\"vi\"}]}<\/script>\n<!-- \/ Yoast SEO plugin. -->","yoast_head_json":{"title":"B\u00f3 Hoa M\u1eabu \u0110\u01a1n \u201cPh\u00fa Qu\u00fd N\u1ed3ng N\u00e0n\u201d - H\u1ea5u L\u00ea Flower","robots":{"index":"index","follow":"follow","max-snippet":"max-snippet:-1","max-image-preview":"max-image-preview:large","max-video-preview":"max-video-preview:-1"},"canonical":"https:\/\/hauleflower.io.vn\/?product=112","og_locale":"vi_VN","og_type":"article","og_title":"B\u00f3 Hoa M\u1eabu \u0110\u01a1n \u201cPh\u00fa Qu\u00fd N\u1ed3ng N\u00e0n\u201d - H\u1ea5u L\u00ea Flower","og_description":"B\u00f3 hoa m\u1eabu \u0111\u01a1n cao c\u1ea5p s\u1eafc \u0111\u1ecf h\u1ed3ng n\u1ed3ng n\u00e0n, thi\u1ebft k\u1ebf sang tr\u1ecdng, t\u01b0\u1ee3ng tr\u01b0ng cho ph\u00fa qu\u00fd, h\u1ea1nh ph\u00fac v\u00e0 t\u00ecnh y\u00eau vi\u00ean m\u00e3n.","og_url":"https:\/\/hauleflower.io.vn\/?product=112","og_site_name":"H\u1ea5u L\u00ea Flower","article_modified_time":"2026-01-28T14:46:24+00:00","og_image":[{"width":736,"height":981,"url":"https:\/\/hauleflower.io.vn\/wp-content\/uploads\/2026\/01\/c75a4da5019329f04bc2821bdfca175b.jpg","type":"image\/jpeg"}],"twitter_card":"summary_large_image","twitter_misc":{"\u01af\u1edbc t\u00ednh th\u1eddi gian \u0111\u1ecdc":"1 ph\u00fat"},"schema":{"@context":"https:\/\/schema.org","@graph":[{"@type":"WebPage","@id":"https:\/\/hauleflower.io.vn\/?product=112","url":"https:\/\/hauleflower.io.vn\/?product=112","name":"B\u00f3 Hoa M\u1eabu \u0110\u01a1n \u201cPh\u00fa Qu\u00fd N\u1ed3ng N\u00e0n\u201d - H\u1ea5u L\u00ea Flower","isPartOf":{"@id":"https:\/\/hauleflower.io.vn\/#website"},"primaryImageOfPage":{"@id":"https:\/\/hauleflower.io.vn\/?product=112#primaryimage"},"image":{"@id":"https:\/\/hauleflower.io.vn\/?product=112#primaryimage"},"thumbnailUrl":"https:\/\/hauleflower.io.vn\/wp-content\/uploads\/2026\/01\/c75a4da5019329f04bc2821bdfca175b.jpg","datePublished":"2026-01-28T14:45:53+00:00","dateModified":"2026-01-28T14:46:24+00:00","breadcrumb":{"@id":"https:\/\/hauleflower.io.vn\/?product=112#breadcrumb"},"inLanguage":"vi","potentialAction":[{"@type":"ReadAction","target":["https:\/\/hauleflower.io.vn\/?product=112"]}]},{"@type":"ImageObject","inLanguage":"vi","@id":"https:\/\/hauleflower.io.vn\/?product=112#primaryimage","url":"https:\/\/hauleflower.io.vn\/wp-content\/uploads\/2026\/01\/c75a4da5019329f04bc2821bdfca175b.jpg","contentUrl":"https:\/\/hauleflower.io.vn\/wp-content\/uploads\/2026\/01\/c75a4da5019329f04bc2821bdfca175b.jpg","width":736,"height":981},{"@type":"BreadcrumbList","@id":"https:\/\/hauleflower.io.vn\/?product=112#breadcrumb","itemListElement":[{"@type":"ListItem","position":1,"name":"Trang ch\u1ee7","item":"https:\/\/hauleflower.io.vn\/"},{"@type":"ListItem","position":2,"name":"C\u1eeda h\u00e0ng","item":"https:\/\/hauleflower.io.vn\/?page_id=107"},{"@type":"ListItem","position":3,"name":"B\u00f3 Hoa M\u1eabu \u0110\u01a1n \u201cPh\u00fa Qu\u00fd N\u1ed3ng N\u00e0n\u201d"}]},{"@type":"WebSite","@id":"https:\/\/hauleflower.io.vn\/#website","url":"https:\/\/hauleflower.io.vn\/","name":"H\u1ea5u L\u00ea Flower","description":"","potentialAction":[{"@type":"SearchAction","target":{"@type":"EntryPoint","urlTemplate":"https:\/\/hauleflower.io.vn\/?s={search_term_string}"},"query-input":{"@type":"PropertyValueSpecification","valueRequired":true,"valueName":"search_term_string"}}],"inLanguage":"vi"}]}},"_links":{"self":[{"href":"https:\/\/hauleflower.io.vn\/index.php?rest_route=\/wp\/v2\/product\/112","targetHints":{"allow":["GET"]}}],"collection":[{"href":"https:\/\/hauleflower.io.vn\/index.php?rest_route=\/wp\/v2\/product"}],"about":[{"href":"https:\/\/hauleflower.io.vn\/index.php?rest_route=\/wp\/v2\/types\/product"}],"replies":[{"embeddable":true,"href":"https:\/\/hauleflower.io.vn\/index.php?rest_route=%2Fwp%2Fv2%2Fcomments&post=112"}],"wp:featuredmedia":[{"embeddable":true,"href":"https:\/\/hauleflower.io.vn\/index.php?rest_route=\/wp\/v2\/media\/113"}],"wp:attachment":[{"href":"https:\/\/hauleflower.io.vn\/index.php?rest_route=%2Fwp%2Fv2%2Fmedia&parent=112"}],"wp:term":[{"taxonomy":"product_brand","embeddable":true,"href":"https:\/\/hauleflower.io.vn\/index.php?rest_route=%2Fwp%2Fv2%2Fproduct_brand&post=112"},{"taxonomy":"product_cat","embeddable":true,"href":"https:\/\/hauleflower.io.vn\/index.php?rest_route=%2Fwp%2Fv2%2Fproduct_cat&post=112"},{"taxonomy":"product_tag","embeddable":true,"href":"https:\/\/hauleflower.io.vn\/index.php?rest_route=%2Fwp%2Fv2%2Fproduct_tag&post=112"}],"curies":[{"name":"wp","href":"https:\/\/api.w.org\/{rel}","templated":true}]}}