{"id":55,"date":"2026-01-28T13:06:19","date_gmt":"2026-01-28T13:06:19","guid":{"rendered":"https:\/\/hauleflower.io.vn\/?page_id=55"},"modified":"2026-03-10T02:22:33","modified_gmt":"2026-03-10T02:22:33","slug":"chinh-sach","status":"publish","type":"page","link":"https:\/\/hauleflower.io.vn\/?page_id=55","title":{"rendered":"CH\u00cdNH S\u00c1CH"},"content":{"rendered":"\n  \n    <div class=\"row large-columns-4 medium-columns-1 small-columns-1\" >\n  <div class=\"col post-item\" >\n\t\t\t<div class=\"col-inner\">\n\t\t\t\t<div class=\"box box-normal box-text-bottom box-blog-post has-hover\">\n            \t\t\t\t\t<div class=\"box-image\" >\n  \t\t\t\t\t\t<div class=\"image-cover\" style=\"padding-top:56.25%;\">\n\t\t\t\t\t\t\t<a href=\"https:\/\/hauleflower.io.vn\/?p=247\" class=\"plain\" aria-label=\"CH\u00cdNH S\u00c1CH TR\u1ea2 H\u00c0NG HOA T\u01af\u01a0I V\u00c0 B\u1ea2O H\u00c0NH HOA T\u01af\u01a0I\">\n\t\t\t\t\t\t\t\t<img loading=\"lazy\" decoding=\"async\" width=\"300\" height=\"296\" src=\"https:\/\/hauleflower.io.vn\/wp-content\/uploads\/2026\/03\/daf8de01e2964666d159abcbb9a371e5.jpg\" class=\"attachment-medium size-medium wp-post-image\" alt=\"\" \/>\t\t\t\t\t\t\t<\/a>\n  \t\t\t\t\t\t\t  \t\t\t\t\t\t\t  \t\t\t\t\t\t<\/div>\n  \t\t\t\t\t\t  \t\t\t\t\t<\/div>\n          \t\t\t\t\t<div class=\"box-text text-center\" >\n\t\t\t\t\t<div class=\"box-text-inner blog-post-inner\">\n\n\t\t\t\t\t\n\t\t\t\t\t\t\t\t\t\t<h5 class=\"post-title is-large \">\n\t\t\t\t\t\t<a href=\"https:\/\/hauleflower.io.vn\/?p=247\" class=\"plain\">CH\u00cdNH S\u00c1CH TR\u1ea2 H\u00c0NG HOA T\u01af\u01a0I V\u00c0 B\u1ea2O H\u00c0NH HOA T\u01af\u01a0I<\/a>\n\t\t\t\t\t<\/h5>\n\t\t\t\t\t\t\t\t\t\t<div class=\"is-divider\"><\/div>\n\t\t\t\t\t\t\t\t\t\t<p class=\"from_the_blog_excerpt \">\n\t\t\t\t\t\tCH\u00cdNH S\u00c1CH TR\u1ea2 H\u00c0NG V\u01af\u1edcN HOA T\u01af\u01a0I. V\u1edbi ti\u00eau ch\u00ed mang \u0111\u1ebfn s\u1ea3n ph\u1ea9m hoa [...]\t\t\t\t\t<\/p>\n\t\t\t\t\t                    \n\t\t\t\t\t\n\t\t\t\t\t\n\t\t\t\t\t<\/div>\n\t\t\t\t\t<\/div>\n\t\t\t\t\t\t\t\t\t\t\t\t\t\t\t\t<div class=\"badge absolute top post-date badge-outline\">\n\t\t\t\t\t\t\t<div class=\"badge-inner\">\n\t\t\t\t\t\t\t\t<span class=\"post-date-day\">04<\/span><br>\n\t\t\t\t\t\t\t\t<span class=\"post-date-month is-xsmall\">Th3<\/span>\n\t\t\t\t\t\t\t<\/div>\n\t\t\t\t\t\t<\/div>\n\t\t\t\t\t\t\t\t\t<\/div>\n\t\t\t<\/div>\n\t\t<\/div><div class=\"col post-item\" >\n\t\t\t<div class=\"col-inner\">\n\t\t\t\t<div class=\"box box-normal box-text-bottom box-blog-post has-hover\">\n            \t\t\t\t\t<div class=\"box-image\" >\n  \t\t\t\t\t\t<div class=\"image-cover\" style=\"padding-top:56.25%;\">\n\t\t\t\t\t\t\t<a href=\"https:\/\/hauleflower.io.vn\/?p=244\" class=\"plain\" aria-label=\"CH\u00cdNH S\u00c1CH GIAO H\u00c0NG\">\n\t\t\t\t\t\t\t\t<img loading=\"lazy\" decoding=\"async\" width=\"225\" height=\"300\" src=\"https:\/\/hauleflower.io.vn\/wp-content\/uploads\/2026\/03\/2b0c8e2012902456289408dd5183dcda.jpg\" class=\"attachment-medium size-medium wp-post-image\" alt=\"\" \/>\t\t\t\t\t\t\t<\/a>\n  \t\t\t\t\t\t\t  \t\t\t\t\t\t\t  \t\t\t\t\t\t<\/div>\n  \t\t\t\t\t\t  \t\t\t\t\t<\/div>\n          \t\t\t\t\t<div class=\"box-text text-center\" >\n\t\t\t\t\t<div class=\"box-text-inner blog-post-inner\">\n\n\t\t\t\t\t\n\t\t\t\t\t\t\t\t\t\t<h5 class=\"post-title is-large \">\n\t\t\t\t\t\t<a href=\"https:\/\/hauleflower.io.vn\/?p=244\" class=\"plain\">CH\u00cdNH S\u00c1CH GIAO H\u00c0NG<\/a>\n\t\t\t\t\t<\/h5>\n\t\t\t\t\t\t\t\t\t\t<div class=\"is-divider\"><\/div>\n\t\t\t\t\t\t\t\t\t\t<p class=\"from_the_blog_excerpt \">\n\t\t\t\t\t\tCh\u00e0o m\u1eebng qu\u00fd kh\u00e1ch \u0111\u1ebfn v\u1edbi shop hoa t\u01b0\u01a1i c\u1ee7a ch\u00fang t\u00f4i t\u1ea1i TP. H\u1ed3 [...]\t\t\t\t\t<\/p>\n\t\t\t\t\t                    \n\t\t\t\t\t\n\t\t\t\t\t\n\t\t\t\t\t<\/div>\n\t\t\t\t\t<\/div>\n\t\t\t\t\t\t\t\t\t\t\t\t\t\t\t\t<div class=\"badge absolute top post-date badge-outline\">\n\t\t\t\t\t\t\t<div class=\"badge-inner\">\n\t\t\t\t\t\t\t\t<span class=\"post-date-day\">04<\/span><br>\n\t\t\t\t\t\t\t\t<span class=\"post-date-month is-xsmall\">Th3<\/span>\n\t\t\t\t\t\t\t<\/div>\n\t\t\t\t\t\t<\/div>\n\t\t\t\t\t\t\t\t\t<\/div>\n\t\t\t<\/div>\n\t\t<\/div><div class=\"col post-item\" >\n\t\t\t<div class=\"col-inner\">\n\t\t\t\t<div class=\"box box-normal box-text-bottom box-blog-post has-hover\">\n            \t\t\t\t\t<div class=\"box-image\" >\n  \t\t\t\t\t\t<div class=\"image-cover\" style=\"padding-top:56.25%;\">\n\t\t\t\t\t\t\t<a href=\"https:\/\/hauleflower.io.vn\/?p=240\" class=\"plain\" aria-label=\"CH\u00cdNH S\u00c1CH V\u1eacN CHUY\u1ec2N\">\n\t\t\t\t\t\t\t\t<img loading=\"lazy\" decoding=\"async\" width=\"245\" height=\"300\" src=\"https:\/\/hauleflower.io.vn\/wp-content\/uploads\/2026\/03\/b60129b8a83e8fe24d4c60be45bb6f56.jpg\" class=\"attachment-medium size-medium wp-post-image\" alt=\"\" \/>\t\t\t\t\t\t\t<\/a>\n  \t\t\t\t\t\t\t  \t\t\t\t\t\t\t  \t\t\t\t\t\t<\/div>\n  \t\t\t\t\t\t  \t\t\t\t\t<\/div>\n          \t\t\t\t\t<div class=\"box-text text-center\" >\n\t\t\t\t\t<div class=\"box-text-inner blog-post-inner\">\n\n\t\t\t\t\t\n\t\t\t\t\t\t\t\t\t\t<h5 class=\"post-title is-large \">\n\t\t\t\t\t\t<a href=\"https:\/\/hauleflower.io.vn\/?p=240\" class=\"plain\">CH\u00cdNH S\u00c1CH V\u1eacN CHUY\u1ec2N<\/a>\n\t\t\t\t\t<\/h5>\n\t\t\t\t\t\t\t\t\t\t<div class=\"is-divider\"><\/div>\n\t\t\t\t\t\t\t\t\t\t<p class=\"from_the_blog_excerpt \">\n\t\t\t\t\t\t1. Ph\u1ea1m vi \u00e1p d\u1ee5ng Ph\u1ea1m vi \u00e1p d\u1ee5ng: t\u1ea5t c\u1ea3 m\u1ecdi t\u1ec9nh th\u00e0nh tr\u00ean [...]\t\t\t\t\t<\/p>\n\t\t\t\t\t                    \n\t\t\t\t\t\n\t\t\t\t\t\n\t\t\t\t\t<\/div>\n\t\t\t\t\t<\/div>\n\t\t\t\t\t\t\t\t\t\t\t\t\t\t\t\t<div class=\"badge absolute top post-date badge-outline\">\n\t\t\t\t\t\t\t<div class=\"badge-inner\">\n\t\t\t\t\t\t\t\t<span class=\"post-date-day\">04<\/span><br>\n\t\t\t\t\t\t\t\t<span class=\"post-date-month is-xsmall\">Th3<\/span>\n\t\t\t\t\t\t\t<\/div>\n\t\t\t\t\t\t<\/div>\n\t\t\t\t\t\t\t\t\t<\/div>\n\t\t\t<\/div>\n\t\t<\/div><div class=\"col post-item\" >\n\t\t\t<div class=\"col-inner\">\n\t\t\t\t<div class=\"box box-normal box-text-bottom box-blog-post has-hover\">\n            \t\t\t\t\t<div class=\"box-image\" >\n  \t\t\t\t\t\t<div class=\"image-cover\" style=\"padding-top:56.25%;\">\n\t\t\t\t\t\t\t<a href=\"https:\/\/hauleflower.io.vn\/?p=237\" class=\"plain\" aria-label=\"\u0110I\u1ec0U KHO\u1ea2N V\u00c0 QUY \u0110\u1ecaNH V\u1ec0 MUA HOA\">\n\t\t\t\t\t\t\t\t<img loading=\"lazy\" decoding=\"async\" width=\"233\" height=\"300\" src=\"https:\/\/hauleflower.io.vn\/wp-content\/uploads\/2026\/03\/7822804b89b7577e61f109ab84805059.jpg\" class=\"attachment-medium size-medium wp-post-image\" alt=\"\" \/>\t\t\t\t\t\t\t<\/a>\n  \t\t\t\t\t\t\t  \t\t\t\t\t\t\t  \t\t\t\t\t\t<\/div>\n  \t\t\t\t\t\t  \t\t\t\t\t<\/div>\n          \t\t\t\t\t<div class=\"box-text text-center\" >\n\t\t\t\t\t<div class=\"box-text-inner blog-post-inner\">\n\n\t\t\t\t\t\n\t\t\t\t\t\t\t\t\t\t<h5 class=\"post-title is-large \">\n\t\t\t\t\t\t<a href=\"https:\/\/hauleflower.io.vn\/?p=237\" class=\"plain\">\u0110I\u1ec0U KHO\u1ea2N V\u00c0 QUY \u0110\u1ecaNH V\u1ec0 MUA HOA<\/a>\n\t\t\t\t\t<\/h5>\n\t\t\t\t\t\t\t\t\t\t<div class=\"is-divider\"><\/div>\n\t\t\t\t\t\t\t\t\t\t<p class=\"from_the_blog_excerpt \">\n\t\t\t\t\t\tC\u00e1c \u0110i\u1ec1u Kho\u1ea3n v\u00e0 quy \u0111\u1ecbnh \u00c1p d\u1ee5ng t\u1eeb 15\/12\/2023 \u2013 Phi\u00ean b\u1ea3n Ver 5.0.20231215 [...]\t\t\t\t\t<\/p>\n\t\t\t\t\t                    \n\t\t\t\t\t\n\t\t\t\t\t\n\t\t\t\t\t<\/div>\n\t\t\t\t\t<\/div>\n\t\t\t\t\t\t\t\t\t\t\t\t\t\t\t\t<div class=\"badge absolute top post-date badge-outline\">\n\t\t\t\t\t\t\t<div class=\"badge-inner\">\n\t\t\t\t\t\t\t\t<span class=\"post-date-day\">04<\/span><br>\n\t\t\t\t\t\t\t\t<span class=\"post-date-month is-xsmall\">Th3<\/span>\n\t\t\t\t\t\t\t<\/div>\n\t\t\t\t\t\t<\/div>\n\t\t\t\t\t\t\t\t\t<\/div>\n\t\t\t<\/div>\n\t\t<\/div><\/div>\n","protected":false},"excerpt":{"rendered":"","protected":false},"author":1,"featured_media":0,"parent":0,"menu_order":0,"comment_status":"closed","ping_status":"closed","template":"","meta":{"footnotes":""},"class_list":["post-55","page","type-page","status-publish","hentry"],"yoast_head":"<!-- This site is optimized with the Yoast SEO plugin v27.2 - https:\/\/yoast.com\/product\/yoast-seo-wordpress\/ -->\n<title>CH\u00cdNH S\u00c1CH - H\u1ea5u L\u00ea Flower<\/title>\n<meta name=\"robots\" content=\"index, follow, max-snippet:-1, max-image-preview:large, max-video-preview:-1\" \/>\n<link rel=\"canonical\" href=\"https:\/\/hauleflower.io.vn\/?page_id=55\" \/>\n<meta property=\"og:locale\" content=\"vi_VN\" \/>\n<meta property=\"og:type\" content=\"article\" \/>\n<meta property=\"og:title\" content=\"CH\u00cdNH S\u00c1CH - H\u1ea5u L\u00ea Flower\" \/>\n<meta property=\"og:url\" content=\"https:\/\/hauleflower.io.vn\/?page_id=55\" \/>\n<meta property=\"og:site_name\" content=\"H\u1ea5u L\u00ea Flower\" \/>\n<meta property=\"article:modified_time\" content=\"2026-03-10T02:22:33+00:00\" \/>\n<meta name=\"twitter:card\" content=\"summary_large_image\" \/>\n<script type=\"application\/ld+json\" class=\"yoast-schema-graph\">{\"@context\":\"https:\/\/schema.org\",\"@graph\":[{\"@type\":\"WebPage\",\"@id\":\"https:\/\/hauleflower.io.vn\/?page_id=55\",\"url\":\"https:\/\/hauleflower.io.vn\/?page_id=55\",\"name\":\"CH\u00cdNH S\u00c1CH - H\u1ea5u L\u00ea Flower\",\"isPartOf\":{\"@id\":\"https:\/\/hauleflower.io.vn\/#website\"},\"datePublished\":\"2026-01-28T13:06:19+00:00\",\"dateModified\":\"2026-03-10T02:22:33+00:00\",\"breadcrumb\":{\"@id\":\"https:\/\/hauleflower.io.vn\/?page_id=55#breadcrumb\"},\"inLanguage\":\"vi\",\"potentialAction\":[{\"@type\":\"ReadAction\",\"target\":[\"https:\/\/hauleflower.io.vn\/?page_id=55\"]}]},{\"@type\":\"BreadcrumbList\",\"@id\":\"https:\/\/hauleflower.io.vn\/?page_id=55#breadcrumb\",\"itemListElement\":[{\"@type\":\"ListItem\",\"position\":1,\"name\":\"Trang ch\u1ee7\",\"item\":\"https:\/\/hauleflower.io.vn\/\"},{\"@type\":\"ListItem\",\"position\":2,\"name\":\"CH\u00cdNH S\u00c1CH\"}]},{\"@type\":\"WebSite\",\"@id\":\"https:\/\/hauleflower.io.vn\/#website\",\"url\":\"https:\/\/hauleflower.io.vn\/\",\"name\":\"H\u1ea5u L\u00ea Flower\",\"description\":\"\",\"potentialAction\":[{\"@type\":\"SearchAction\",\"target\":{\"@type\":\"EntryPoint\",\"urlTemplate\":\"https:\/\/hauleflower.io.vn\/?s={search_term_string}\"},\"query-input\":{\"@type\":\"PropertyValueSpecification\",\"valueRequired\":true,\"valueName\":\"search_term_string\"}}],\"inLanguage\":\"vi\"}]}<\/script>\n<!-- \/ Yoast SEO plugin. -->","yoast_head_json":{"title":"CH\u00cdNH S\u00c1CH - H\u1ea5u L\u00ea Flower","robots":{"index":"index","follow":"follow","max-snippet":"max-snippet:-1","max-image-preview":"max-image-preview:large","max-video-preview":"max-video-preview:-1"},"canonical":"https:\/\/hauleflower.io.vn\/?page_id=55","og_locale":"vi_VN","og_type":"article","og_title":"CH\u00cdNH S\u00c1CH - H\u1ea5u L\u00ea Flower","og_url":"https:\/\/hauleflower.io.vn\/?page_id=55","og_site_name":"H\u1ea5u L\u00ea Flower","article_modified_time":"2026-03-10T02:22:33+00:00","twitter_card":"summary_large_image","schema":{"@context":"https:\/\/schema.org","@graph":[{"@type":"WebPage","@id":"https:\/\/hauleflower.io.vn\/?page_id=55","url":"https:\/\/hauleflower.io.vn\/?page_id=55","name":"CH\u00cdNH S\u00c1CH - H\u1ea5u L\u00ea Flower","isPartOf":{"@id":"https:\/\/hauleflower.io.vn\/#website"},"datePublished":"2026-01-28T13:06:19+00:00","dateModified":"2026-03-10T02:22:33+00:00","breadcrumb":{"@id":"https:\/\/hauleflower.io.vn\/?page_id=55#breadcrumb"},"inLanguage":"vi","potentialAction":[{"@type":"ReadAction","target":["https:\/\/hauleflower.io.vn\/?page_id=55"]}]},{"@type":"BreadcrumbList","@id":"https:\/\/hauleflower.io.vn\/?page_id=55#breadcrumb","itemListElement":[{"@type":"ListItem","position":1,"name":"Trang ch\u1ee7","item":"https:\/\/hauleflower.io.vn\/"},{"@type":"ListItem","position":2,"name":"CH\u00cdNH S\u00c1CH"}]},{"@type":"WebSite","@id":"https:\/\/hauleflower.io.vn\/#website","url":"https:\/\/hauleflower.io.vn\/","name":"H\u1ea5u L\u00ea Flower","description":"","potentialAction":[{"@type":"SearchAction","target":{"@type":"EntryPoint","urlTemplate":"https:\/\/hauleflower.io.vn\/?s={search_term_string}"},"query-input":{"@type":"PropertyValueSpecification","valueRequired":true,"valueName":"search_term_string"}}],"inLanguage":"vi"}]}},"_links":{"self":[{"href":"https:\/\/hauleflower.io.vn\/index.php?rest_route=\/wp\/v2\/pages\/55","targetHints":{"allow":["GET"]}}],"collection":[{"href":"https:\/\/hauleflower.io.vn\/index.php?rest_route=\/wp\/v2\/pages"}],"about":[{"href":"https:\/\/hauleflower.io.vn\/index.php?rest_route=\/wp\/v2\/types\/page"}],"author":[{"embeddable":true,"href":"https:\/\/hauleflower.io.vn\/index.php?rest_route=\/wp\/v2\/users\/1"}],"replies":[{"embeddable":true,"href":"https:\/\/hauleflower.io.vn\/index.php?rest_route=%2Fwp%2Fv2%2Fcomments&post=55"}],"version-history":[{"count":3,"href":"https:\/\/hauleflower.io.vn\/index.php?rest_route=\/wp\/v2\/pages\/55\/revisions"}],"predecessor-version":[{"id":321,"href":"https:\/\/hauleflower.io.vn\/index.php?rest_route=\/wp\/v2\/pages\/55\/revisions\/321"}],"wp:attachment":[{"href":"https:\/\/hauleflower.io.vn\/index.php?rest_route=%2Fwp%2Fv2%2Fmedia&parent=55"}],"curies":[{"name":"wp","href":"https:\/\/api.w.org\/{rel}","templated":true}]}}