{"id":182,"date":"2026-03-03T02:29:50","date_gmt":"2026-03-03T02:29:50","guid":{"rendered":"https:\/\/hauleflower.io.vn\/?page_id=182"},"modified":"2026-03-10T02:22:15","modified_gmt":"2026-03-10T02:22:15","slug":"set-qua-tang","status":"publish","type":"page","link":"https:\/\/hauleflower.io.vn\/?page_id=182","title":{"rendered":"SET QU\u00c0 T\u1eb6NG"},"content":{"rendered":"\t\n  \n    <div class=\"row large-columns-4 medium-columns-3 small-columns-2 row-small\" >\n  \n\t     <div class=\"product-small col has-hover product type-product post-307 status-publish first instock product_cat-set-qua-tang has-post-thumbnail sale shipping-taxable purchasable product-type-simple\">\n\t<div class=\"col-inner\">\n\t\n<div class=\"badge-container absolute left top z-1\">\n<div class=\"callout badge badge-circle\"><div class=\"badge-inner secondary on-sale\"><span class=\"onsale\">-24%<\/span><\/div><\/div>\n<\/div>\n\t<div class=\"product-small box \">\n\t\t<div class=\"box-image\">\n\t\t\t<div class=\"image-fade_in_back\">\n\t\t\t\t<a href=\"https:\/\/hauleflower.io.vn\/?product=set-hoa-tuoi-kem-nuoc-giai-khat-cho-ngay-nhe-nhang\" aria-label=\"Set hoa t\u01b0\u01a1i k\u00e8m n\u01b0\u1edbc gi\u1ea3i kh\u00e1t cho ng\u00e0y nh\u1eb9 nh\u00e0ng\">\n\t\t\t\t\t<img loading=\"lazy\" decoding=\"async\" width=\"225\" height=\"300\" src=\"https:\/\/hauleflower.io.vn\/wp-content\/uploads\/2026\/03\/b4723c3e4cee743725cfcda97dbcf5e3-1.jpg\" class=\"attachment-woocommerce_thumbnail size-woocommerce_thumbnail\" alt=\"Set hoa t\u01b0\u01a1i k\u00e8m n\u01b0\u1edbc gi\u1ea3i kh\u00e1t cho ng\u00e0y nh\u1eb9 nh\u00e0ng\" \/><img loading=\"lazy\" decoding=\"async\" width=\"254\" height=\"300\" src=\"https:\/\/hauleflower.io.vn\/wp-content\/uploads\/2026\/03\/d1d56a2113808b6e0f67a31d2221bd36.jpg\" class=\"show-on-hover absolute fill hide-for-small back-image\" alt=\"\" \/>\t\t\t\t<\/a>\n\t\t\t<\/div>\n\t\t\t<div class=\"image-tools is-small top right show-on-hover\">\n\t\t\t\t\t\t\t<\/div>\n\t\t\t<div class=\"image-tools is-small hide-for-small bottom left show-on-hover\">\n\t\t\t\t\t\t\t<\/div>\n\t\t\t<div class=\"image-tools grid-tools text-center hide-for-small bottom hover-slide-in show-on-hover\">\n\t\t\t\t  <a class=\"quick-view\" data-prod=\"307\" href=\"#quick-view\">Xem nhanh<\/a>\t\t\t<\/div>\n\t\t\t\t\t<\/div>\n\n\t\t<div class=\"box-text box-text-products\">\n\t\t\t<div class=\"title-wrapper\">\t\t<p class=\"category uppercase is-smaller no-text-overflow product-cat op-7\">\n\t\t\tSET QU\u00c0 T\u1eb6NG\t\t<\/p>\n\t<p class=\"name product-title woocommerce-loop-product__title\"><a href=\"https:\/\/hauleflower.io.vn\/?product=set-hoa-tuoi-kem-nuoc-giai-khat-cho-ngay-nhe-nhang\" class=\"woocommerce-LoopProduct-link woocommerce-loop-product__link\">Set hoa t\u01b0\u01a1i k\u00e8m n\u01b0\u1edbc gi\u1ea3i kh\u00e1t cho ng\u00e0y nh\u1eb9 nh\u00e0ng<\/a><\/p><\/div><div class=\"price-wrapper\">\n\t<span class=\"price\"><del aria-hidden=\"true\"><span class=\"woocommerce-Price-amount amount\"><bdi>420,000<span class=\"woocommerce-Price-currencySymbol\">&#8363;<\/span><\/bdi><\/span><\/del> <span class=\"screen-reader-text\">Gi\u00e1 g\u1ed1c l\u00e0: 420,000&#8363;.<\/span><ins aria-hidden=\"true\"><span class=\"woocommerce-Price-amount amount\"><bdi>320,000<span class=\"woocommerce-Price-currencySymbol\">&#8363;<\/span><\/bdi><\/span><\/ins><span class=\"screen-reader-text\">Gi\u00e1 hi\u1ec7n t\u1ea1i l\u00e0: 320,000&#8363;.<\/span><\/span>\n<\/div>\t\t<\/div>\n\t<\/div>\n\t\t<\/div>\n<\/div><div class=\"product-small col has-hover product type-product post-303 status-publish instock product_cat-set-qua-tang has-post-thumbnail sale shipping-taxable purchasable product-type-simple\">\n\t<div class=\"col-inner\">\n\t\n<div class=\"badge-container absolute left top z-1\">\n<div class=\"callout badge badge-circle\"><div class=\"badge-inner secondary on-sale\"><span class=\"onsale\">-8%<\/span><\/div><\/div>\n<\/div>\n\t<div class=\"product-small box \">\n\t\t<div class=\"box-image\">\n\t\t\t<div class=\"image-fade_in_back\">\n\t\t\t\t<a href=\"https:\/\/hauleflower.io.vn\/?product=set-hoa-tuoi-kem-trai-cay-tuoi-cho-moi-dip-tu-hop\" aria-label=\"Set hoa t\u01b0\u01a1i k\u00e8m tr\u00e1i c\u00e2y t\u01b0\u01a1i cho m\u1ecdi d\u1ecbp t\u1ee5 h\u1ecdp\">\n\t\t\t\t\t<img loading=\"lazy\" decoding=\"async\" width=\"262\" height=\"300\" src=\"https:\/\/hauleflower.io.vn\/wp-content\/uploads\/2026\/03\/a67ee580d0398f6be1e5d0ef6aaed46b.jpg\" class=\"attachment-woocommerce_thumbnail size-woocommerce_thumbnail\" alt=\"Set hoa t\u01b0\u01a1i k\u00e8m tr\u00e1i c\u00e2y t\u01b0\u01a1i cho m\u1ecdi d\u1ecbp t\u1ee5 h\u1ecdp\" \/><img loading=\"lazy\" decoding=\"async\" width=\"296\" height=\"300\" src=\"https:\/\/hauleflower.io.vn\/wp-content\/uploads\/2026\/03\/e460b3125cc8904e4d0197ac36a1a830.jpg\" class=\"show-on-hover absolute fill hide-for-small back-image\" alt=\"\" \/>\t\t\t\t<\/a>\n\t\t\t<\/div>\n\t\t\t<div class=\"image-tools is-small top right show-on-hover\">\n\t\t\t\t\t\t\t<\/div>\n\t\t\t<div class=\"image-tools is-small hide-for-small bottom left show-on-hover\">\n\t\t\t\t\t\t\t<\/div>\n\t\t\t<div class=\"image-tools grid-tools text-center hide-for-small bottom hover-slide-in show-on-hover\">\n\t\t\t\t  <a class=\"quick-view\" data-prod=\"303\" href=\"#quick-view\">Xem nhanh<\/a>\t\t\t<\/div>\n\t\t\t\t\t<\/div>\n\n\t\t<div class=\"box-text box-text-products\">\n\t\t\t<div class=\"title-wrapper\">\t\t<p class=\"category uppercase is-smaller no-text-overflow product-cat op-7\">\n\t\t\tSET QU\u00c0 T\u1eb6NG\t\t<\/p>\n\t<p class=\"name product-title woocommerce-loop-product__title\"><a href=\"https:\/\/hauleflower.io.vn\/?product=set-hoa-tuoi-kem-trai-cay-tuoi-cho-moi-dip-tu-hop\" class=\"woocommerce-LoopProduct-link woocommerce-loop-product__link\">Set hoa t\u01b0\u01a1i k\u00e8m tr\u00e1i c\u00e2y t\u01b0\u01a1i cho m\u1ecdi d\u1ecbp t\u1ee5 h\u1ecdp<\/a><\/p><\/div><div class=\"price-wrapper\">\n\t<span class=\"price\"><del aria-hidden=\"true\"><span class=\"woocommerce-Price-amount amount\"><bdi>850,000<span class=\"woocommerce-Price-currencySymbol\">&#8363;<\/span><\/bdi><\/span><\/del> <span class=\"screen-reader-text\">Gi\u00e1 g\u1ed1c l\u00e0: 850,000&#8363;.<\/span><ins aria-hidden=\"true\"><span class=\"woocommerce-Price-amount amount\"><bdi>780,000<span class=\"woocommerce-Price-currencySymbol\">&#8363;<\/span><\/bdi><\/span><\/ins><span class=\"screen-reader-text\">Gi\u00e1 hi\u1ec7n t\u1ea1i l\u00e0: 780,000&#8363;.<\/span><\/span>\n<\/div>\t\t<\/div>\n\t<\/div>\n\t\t<\/div>\n<\/div><div class=\"product-small col has-hover product type-product post-300 status-publish last instock product_cat-set-qua-tang has-post-thumbnail sale shipping-taxable purchasable product-type-simple\">\n\t<div class=\"col-inner\">\n\t\n<div class=\"badge-container absolute left top z-1\">\n<div class=\"callout badge badge-circle\"><div class=\"badge-inner secondary on-sale\"><span class=\"onsale\">-20%<\/span><\/div><\/div>\n<\/div>\n\t<div class=\"product-small box \">\n\t\t<div class=\"box-image\">\n\t\t\t<div class=\"image-fade_in_back\">\n\t\t\t\t<a href=\"https:\/\/hauleflower.io.vn\/?product=set-hoa-hong-do-mix-baby-kem-banh-kem-xinh-nhat\" aria-label=\"Set hoa h\u1ed3ng \u0111\u1ecf mix baby k\u00e8m b\u00e1nh kem xinh nh\u1eadt\">\n\t\t\t\t\t<img loading=\"lazy\" decoding=\"async\" width=\"225\" height=\"300\" src=\"https:\/\/hauleflower.io.vn\/wp-content\/uploads\/2026\/03\/45b381a1dfa9266506d402176478ebcb.jpg\" class=\"attachment-woocommerce_thumbnail size-woocommerce_thumbnail\" alt=\"Set hoa h\u1ed3ng \u0111\u1ecf mix baby k\u00e8m b\u00e1nh kem xinh nh\u1eadt\" \/><img loading=\"lazy\" decoding=\"async\" width=\"225\" height=\"300\" src=\"https:\/\/hauleflower.io.vn\/wp-content\/uploads\/2026\/03\/79ac6f10787c06e5744e8b2219b12754.jpg\" class=\"show-on-hover absolute fill hide-for-small back-image\" alt=\"\" \/>\t\t\t\t<\/a>\n\t\t\t<\/div>\n\t\t\t<div class=\"image-tools is-small top right show-on-hover\">\n\t\t\t\t\t\t\t<\/div>\n\t\t\t<div class=\"image-tools is-small hide-for-small bottom left show-on-hover\">\n\t\t\t\t\t\t\t<\/div>\n\t\t\t<div class=\"image-tools grid-tools text-center hide-for-small bottom hover-slide-in show-on-hover\">\n\t\t\t\t  <a class=\"quick-view\" data-prod=\"300\" href=\"#quick-view\">Xem nhanh<\/a>\t\t\t<\/div>\n\t\t\t\t\t<\/div>\n\n\t\t<div class=\"box-text box-text-products\">\n\t\t\t<div class=\"title-wrapper\">\t\t<p class=\"category uppercase is-smaller no-text-overflow product-cat op-7\">\n\t\t\tSET QU\u00c0 T\u1eb6NG\t\t<\/p>\n\t<p class=\"name product-title woocommerce-loop-product__title\"><a href=\"https:\/\/hauleflower.io.vn\/?product=set-hoa-hong-do-mix-baby-kem-banh-kem-xinh-nhat\" class=\"woocommerce-LoopProduct-link woocommerce-loop-product__link\">Set hoa h\u1ed3ng \u0111\u1ecf mix baby k\u00e8m b\u00e1nh kem xinh nh\u1eadt<\/a><\/p><\/div><div class=\"price-wrapper\">\n\t<span class=\"price\"><del aria-hidden=\"true\"><span class=\"woocommerce-Price-amount amount\"><bdi>500,000<span class=\"woocommerce-Price-currencySymbol\">&#8363;<\/span><\/bdi><\/span><\/del> <span class=\"screen-reader-text\">Gi\u00e1 g\u1ed1c l\u00e0: 500,000&#8363;.<\/span><ins aria-hidden=\"true\"><span class=\"woocommerce-Price-amount amount\"><bdi>400,000<span class=\"woocommerce-Price-currencySymbol\">&#8363;<\/span><\/bdi><\/span><\/ins><span class=\"screen-reader-text\">Gi\u00e1 hi\u1ec7n t\u1ea1i l\u00e0: 400,000&#8363;.<\/span><\/span>\n<\/div>\t\t<\/div>\n\t<\/div>\n\t\t<\/div>\n<\/div><div class=\"product-small col has-hover product type-product post-170 status-publish first instock product_cat-set-qua-tang has-post-thumbnail sale shipping-taxable purchasable product-type-simple\">\n\t<div class=\"col-inner\">\n\t\n<div class=\"badge-container absolute left top z-1\">\n<div class=\"callout badge badge-circle\"><div class=\"badge-inner secondary on-sale\"><span class=\"onsale\">-18%<\/span><\/div><\/div>\n<\/div>\n\t<div class=\"product-small box \">\n\t\t<div class=\"box-image\">\n\t\t\t<div class=\"image-fade_in_back\">\n\t\t\t\t<a href=\"https:\/\/hauleflower.io.vn\/?product=hoa-gau\" aria-label=\"HOA + G\u1ea4U\">\n\t\t\t\t\t<img loading=\"lazy\" decoding=\"async\" width=\"240\" height=\"300\" src=\"https:\/\/hauleflower.io.vn\/wp-content\/uploads\/2026\/03\/5c6982db23010cef5a121d697d8cc1d5.jpg\" class=\"attachment-woocommerce_thumbnail size-woocommerce_thumbnail\" alt=\"HOA + G\u1ea4U\" \/><img loading=\"lazy\" decoding=\"async\" width=\"240\" height=\"300\" src=\"https:\/\/hauleflower.io.vn\/wp-content\/uploads\/2026\/03\/5c6982db23010cef5a121d697d8cc1d5-1.jpg\" class=\"show-on-hover absolute fill hide-for-small back-image\" alt=\"\" \/>\t\t\t\t<\/a>\n\t\t\t<\/div>\n\t\t\t<div class=\"image-tools is-small top right show-on-hover\">\n\t\t\t\t\t\t\t<\/div>\n\t\t\t<div class=\"image-tools is-small hide-for-small bottom left show-on-hover\">\n\t\t\t\t\t\t\t<\/div>\n\t\t\t<div class=\"image-tools grid-tools text-center hide-for-small bottom hover-slide-in show-on-hover\">\n\t\t\t\t  <a class=\"quick-view\" data-prod=\"170\" href=\"#quick-view\">Xem nhanh<\/a>\t\t\t<\/div>\n\t\t\t\t\t<\/div>\n\n\t\t<div class=\"box-text box-text-products\">\n\t\t\t<div class=\"title-wrapper\">\t\t<p class=\"category uppercase is-smaller no-text-overflow product-cat op-7\">\n\t\t\tSET QU\u00c0 T\u1eb6NG\t\t<\/p>\n\t<p class=\"name product-title woocommerce-loop-product__title\"><a href=\"https:\/\/hauleflower.io.vn\/?product=hoa-gau\" class=\"woocommerce-LoopProduct-link woocommerce-loop-product__link\">HOA + G\u1ea4U<\/a><\/p><\/div><div class=\"price-wrapper\">\n\t<span class=\"price\"><del aria-hidden=\"true\"><span class=\"woocommerce-Price-amount amount\"><bdi>550,000<span class=\"woocommerce-Price-currencySymbol\">&#8363;<\/span><\/bdi><\/span><\/del> <span class=\"screen-reader-text\">Gi\u00e1 g\u1ed1c l\u00e0: 550,000&#8363;.<\/span><ins aria-hidden=\"true\"><span class=\"woocommerce-Price-amount amount\"><bdi>450,000<span class=\"woocommerce-Price-currencySymbol\">&#8363;<\/span><\/bdi><\/span><\/ins><span class=\"screen-reader-text\">Gi\u00e1 hi\u1ec7n t\u1ea1i l\u00e0: 450,000&#8363;.<\/span><\/span>\n<\/div>\t\t<\/div>\n\t<\/div>\n\t\t<\/div>\n<\/div><\/div>\n","protected":false},"excerpt":{"rendered":"","protected":false},"author":1,"featured_media":0,"parent":0,"menu_order":0,"comment_status":"closed","ping_status":"closed","template":"","meta":{"footnotes":""},"class_list":["post-182","page","type-page","status-publish","hentry"],"yoast_head":"<!-- This site is optimized with the Yoast SEO plugin v27.2 - https:\/\/yoast.com\/product\/yoast-seo-wordpress\/ -->\n<title>SET QU\u00c0 T\u1eb6NG - H\u1ea5u L\u00ea Flower<\/title>\n<meta name=\"robots\" content=\"index, follow, max-snippet:-1, max-image-preview:large, max-video-preview:-1\" \/>\n<link rel=\"canonical\" href=\"https:\/\/hauleflower.io.vn\/?page_id=182\" \/>\n<meta property=\"og:locale\" content=\"vi_VN\" \/>\n<meta property=\"og:type\" content=\"article\" \/>\n<meta property=\"og:title\" content=\"SET QU\u00c0 T\u1eb6NG - H\u1ea5u L\u00ea Flower\" \/>\n<meta property=\"og:url\" content=\"https:\/\/hauleflower.io.vn\/?page_id=182\" \/>\n<meta property=\"og:site_name\" content=\"H\u1ea5u L\u00ea Flower\" \/>\n<meta property=\"article:modified_time\" content=\"2026-03-10T02:22:15+00:00\" \/>\n<meta name=\"twitter:card\" content=\"summary_large_image\" \/>\n<script type=\"application\/ld+json\" class=\"yoast-schema-graph\">{\"@context\":\"https:\/\/schema.org\",\"@graph\":[{\"@type\":\"WebPage\",\"@id\":\"https:\/\/hauleflower.io.vn\/?page_id=182\",\"url\":\"https:\/\/hauleflower.io.vn\/?page_id=182\",\"name\":\"SET QU\u00c0 T\u1eb6NG - H\u1ea5u L\u00ea Flower\",\"isPartOf\":{\"@id\":\"https:\/\/hauleflower.io.vn\/#website\"},\"datePublished\":\"2026-03-03T02:29:50+00:00\",\"dateModified\":\"2026-03-10T02:22:15+00:00\",\"breadcrumb\":{\"@id\":\"https:\/\/hauleflower.io.vn\/?page_id=182#breadcrumb\"},\"inLanguage\":\"vi\",\"potentialAction\":[{\"@type\":\"ReadAction\",\"target\":[\"https:\/\/hauleflower.io.vn\/?page_id=182\"]}]},{\"@type\":\"BreadcrumbList\",\"@id\":\"https:\/\/hauleflower.io.vn\/?page_id=182#breadcrumb\",\"itemListElement\":[{\"@type\":\"ListItem\",\"position\":1,\"name\":\"Trang ch\u1ee7\",\"item\":\"https:\/\/hauleflower.io.vn\/\"},{\"@type\":\"ListItem\",\"position\":2,\"name\":\"SET QU\u00c0 T\u1eb6NG\"}]},{\"@type\":\"WebSite\",\"@id\":\"https:\/\/hauleflower.io.vn\/#website\",\"url\":\"https:\/\/hauleflower.io.vn\/\",\"name\":\"H\u1ea5u L\u00ea Flower\",\"description\":\"\",\"potentialAction\":[{\"@type\":\"SearchAction\",\"target\":{\"@type\":\"EntryPoint\",\"urlTemplate\":\"https:\/\/hauleflower.io.vn\/?s={search_term_string}\"},\"query-input\":{\"@type\":\"PropertyValueSpecification\",\"valueRequired\":true,\"valueName\":\"search_term_string\"}}],\"inLanguage\":\"vi\"}]}<\/script>\n<!-- \/ Yoast SEO plugin. -->","yoast_head_json":{"title":"SET QU\u00c0 T\u1eb6NG - H\u1ea5u L\u00ea Flower","robots":{"index":"index","follow":"follow","max-snippet":"max-snippet:-1","max-image-preview":"max-image-preview:large","max-video-preview":"max-video-preview:-1"},"canonical":"https:\/\/hauleflower.io.vn\/?page_id=182","og_locale":"vi_VN","og_type":"article","og_title":"SET QU\u00c0 T\u1eb6NG - H\u1ea5u L\u00ea Flower","og_url":"https:\/\/hauleflower.io.vn\/?page_id=182","og_site_name":"H\u1ea5u L\u00ea Flower","article_modified_time":"2026-03-10T02:22:15+00:00","twitter_card":"summary_large_image","schema":{"@context":"https:\/\/schema.org","@graph":[{"@type":"WebPage","@id":"https:\/\/hauleflower.io.vn\/?page_id=182","url":"https:\/\/hauleflower.io.vn\/?page_id=182","name":"SET QU\u00c0 T\u1eb6NG - H\u1ea5u L\u00ea Flower","isPartOf":{"@id":"https:\/\/hauleflower.io.vn\/#website"},"datePublished":"2026-03-03T02:29:50+00:00","dateModified":"2026-03-10T02:22:15+00:00","breadcrumb":{"@id":"https:\/\/hauleflower.io.vn\/?page_id=182#breadcrumb"},"inLanguage":"vi","potentialAction":[{"@type":"ReadAction","target":["https:\/\/hauleflower.io.vn\/?page_id=182"]}]},{"@type":"BreadcrumbList","@id":"https:\/\/hauleflower.io.vn\/?page_id=182#breadcrumb","itemListElement":[{"@type":"ListItem","position":1,"name":"Trang ch\u1ee7","item":"https:\/\/hauleflower.io.vn\/"},{"@type":"ListItem","position":2,"name":"SET QU\u00c0 T\u1eb6NG"}]},{"@type":"WebSite","@id":"https:\/\/hauleflower.io.vn\/#website","url":"https:\/\/hauleflower.io.vn\/","name":"H\u1ea5u L\u00ea Flower","description":"","potentialAction":[{"@type":"SearchAction","target":{"@type":"EntryPoint","urlTemplate":"https:\/\/hauleflower.io.vn\/?s={search_term_string}"},"query-input":{"@type":"PropertyValueSpecification","valueRequired":true,"valueName":"search_term_string"}}],"inLanguage":"vi"}]}},"_links":{"self":[{"href":"https:\/\/hauleflower.io.vn\/index.php?rest_route=\/wp\/v2\/pages\/182","targetHints":{"allow":["GET"]}}],"collection":[{"href":"https:\/\/hauleflower.io.vn\/index.php?rest_route=\/wp\/v2\/pages"}],"about":[{"href":"https:\/\/hauleflower.io.vn\/index.php?rest_route=\/wp\/v2\/types\/page"}],"author":[{"embeddable":true,"href":"https:\/\/hauleflower.io.vn\/index.php?rest_route=\/wp\/v2\/users\/1"}],"replies":[{"embeddable":true,"href":"https:\/\/hauleflower.io.vn\/index.php?rest_route=%2Fwp%2Fv2%2Fcomments&post=182"}],"version-history":[{"count":2,"href":"https:\/\/hauleflower.io.vn\/index.php?rest_route=\/wp\/v2\/pages\/182\/revisions"}],"predecessor-version":[{"id":320,"href":"https:\/\/hauleflower.io.vn\/index.php?rest_route=\/wp\/v2\/pages\/182\/revisions\/320"}],"wp:attachment":[{"href":"https:\/\/hauleflower.io.vn\/index.php?rest_route=%2Fwp%2Fv2%2Fmedia&parent=182"}],"curies":[{"name":"wp","href":"https:\/\/api.w.org\/{rel}","templated":true}]}}